{"id":336,"date":"2019-07-18T06:34:49","date_gmt":"2019-07-18T06:34:49","guid":{"rendered":"https:\/\/livewp.site\/wp\/md\/sirona\/?page_id=336"},"modified":"2025-07-24T20:43:31","modified_gmt":"2025-07-24T20:43:31","slug":"news-full-width","status":"publish","type":"page","link":"https:\/\/www.damic.com.ar\/wp\/news-full-width\/","title":{"rendered":"Novedades"},"content":{"rendered":"\t\t<div data-elementor-type=\"wp-post\" data-elementor-id=\"336\" class=\"elementor elementor-336\">\n\t\t\t\t<div class=\"elementor-element elementor-element-575d987 e-flex e-con-boxed e-con e-parent\" data-id=\"575d987\" data-element_type=\"container\" data-e-type=\"container\">\n\t\t\t\t\t<div class=\"e-con-inner\">\n\t\t\t\t<div class=\"elementor-element elementor-element-8e0c34a elementor-widget elementor-widget-heading\" data-id=\"8e0c34a\" data-element_type=\"widget\" data-e-type=\"widget\" data-widget_type=\"heading.default\">\n\t\t\t\t<div class=\"elementor-widget-container\">\n\t\t\t\t\t<h2 class=\"elementor-heading-title elementor-size-default\">NOVEDADES<\/h2>\t\t\t\t<\/div>\n\t\t\t\t<\/div>\n\t\t\t\t\t<\/div>\n\t\t\t\t<\/div>\n\t\t\t\t<section class=\"elementor-section elementor-top-section elementor-element elementor-element-28582195 elementor-section-boxed elementor-section-height-default elementor-section-height-default\" data-id=\"28582195\" data-element_type=\"section\" data-e-type=\"section\">\n\t\t\t\t\t\t<div class=\"elementor-container elementor-column-gap-default\">\n\t\t\t\t\t<div class=\"elementor-column elementor-col-100 elementor-top-column elementor-element elementor-element-55935f6f\" data-id=\"55935f6f\" data-element_type=\"column\" data-e-type=\"column\">\n\t\t\t<div class=\"elementor-widget-wrap elementor-element-populated\">\n\t\t\t\t\t\t<div class=\"elementor-element elementor-element-41cb9d94 post_has_media_content-yes elementor-widget elementor-widget-gt3-core-blog\" data-id=\"41cb9d94\" data-element_type=\"widget\" data-e-type=\"widget\" data-widget_type=\"gt3-core-blog.default\">\n\t\t\t\t<div class=\"elementor-widget-container\">\n\t\t\t\t\t<script type=\"application\/json\" id=\"settings--41cb9d94\">{\"packery\":false,\"isotope_settings\":{\"layoutMode\":\"masonry\"}}<\/script>\t<div class=\"gt3_module_blog items2  items_type1\">\r\n\t\t\t\t<div class=\"spacing_beetween_items_30 isotope_blog_items isotope\"><div class=\"blog_post_preview isotope_item isotope-item element format-standard-image novedades packery_blog_item_1  \">\r\n                        <div class=\"item_wrapper\" >\r\n                            <div class=\"blog_content\"><div class=\"blog_post_media\"><img decoding=\"async\" src=\"https:\/\/www.damic.com.ar\/wp\/wp-content\/uploads\/2026\/03\/WhatsApp-Image-2026-03-20-at-14.18.33.jpeg\" alt=\"\" \/><\/div><div class=\"listing_meta_wrap\"><div class=\"listing_meta\"><span class=\"post_date\">20\/03\/2026<\/span><\/div><\/div><h2 class=\"blogpost_title\"><a href=\"https:\/\/www.damic.com.ar\/wp\/nueva-diplomatura-en-hipertension-arterial-y-riesgo-cardiorrenometabolico\/\">Nueva Diplomatura en Hipertensi\u00f3n Arterial y Riesgo Cardiorrenometab\u00f3lico<\/a><\/h2><div class=\"blog_item_description\">La hipertensi\u00f3n arterial sigue siendo uno de los principales...<\/div><div class=\"clear post_clear\"><\/div><div class=\"gt3_post_footer\"><div class=\"gt3_module_button_list\"><a href=\"https:\/\/www.damic.com.ar\/wp\/nueva-diplomatura-en-hipertension-arterial-y-riesgo-cardiorrenometabolico\/\">Ver m\u00e1s<\/a><\/div><div class=\"clear\"><\/div><\/div><\/div>\r\n\t\t\t\t\t\t<\/div>\r\n\t\t\t\t\t<\/div>\r\n\t\t\t\t\t<div class=\"blog_post_preview isotope_item isotope-item element format-standard-image ginecologia packery_blog_item_2  \">\r\n                        <div class=\"item_wrapper\" >\r\n                            <div class=\"blog_content\"><div class=\"blog_post_media\"><img decoding=\"async\" src=\"https:\/\/www.damic.com.ar\/wp\/wp-content\/uploads\/2025\/11\/Damic-2025-11-18-1.png\" alt=\"\" \/><\/div><div class=\"listing_meta_wrap\"><div class=\"listing_meta\"><span class=\"post_date\">18\/11\/2025<\/span><\/div><\/div><h2 class=\"blogpost_title\"><a href=\"https:\/\/www.damic.com.ar\/wp\/ginecologia-acompanamos-tu-salud-en-cada-etapa\/\">Ginecolog\u00eda: acompa\u00f1amos tu salud en cada etapa<\/a><\/h2><div class=\"blog_item_description\">Nuestro equipo de ginecolog\u00eda brinda atenci\u00f3n integral, con...<\/div><div class=\"clear post_clear\"><\/div><div class=\"gt3_post_footer\"><div class=\"gt3_module_button_list\"><a href=\"https:\/\/www.damic.com.ar\/wp\/ginecologia-acompanamos-tu-salud-en-cada-etapa\/\">Ver m\u00e1s<\/a><\/div><div class=\"clear\"><\/div><\/div><\/div>\r\n\t\t\t\t\t\t<\/div>\r\n\t\t\t\t\t<\/div>\r\n\t\t\t\t\t<div class=\"blog_post_preview isotope_item isotope-item element format-standard-image novedades packery_blog_item_3  \">\r\n                        <div class=\"item_wrapper\" >\r\n                            <div class=\"blog_content\"><div class=\"blog_post_media\"><img decoding=\"async\" src=\"https:\/\/www.damic.com.ar\/wp\/wp-content\/uploads\/2025\/11\/DAMIC-2025-11-14-1.png\" alt=\"\" \/><\/div><div class=\"listing_meta_wrap\"><div class=\"listing_meta\"><span class=\"post_date\">14\/11\/2025<\/span><\/div><\/div><h2 class=\"blogpost_title\"><a href=\"https:\/\/www.damic.com.ar\/wp\/dia-mundial-de-la-diabetes\/\">D\u00eda Mundial de la Diabetes<\/a><\/h2><div class=\"blog_item_description\">La diabetes puede prevenirse y controlarse. En DAMIC trabajamos...<\/div><div class=\"clear post_clear\"><\/div><div class=\"gt3_post_footer\"><div class=\"gt3_module_button_list\"><a href=\"https:\/\/www.damic.com.ar\/wp\/dia-mundial-de-la-diabetes\/\">Ver m\u00e1s<\/a><\/div><div class=\"clear\"><\/div><\/div><\/div>\r\n\t\t\t\t\t\t<\/div>\r\n\t\t\t\t\t<\/div>\r\n\t\t\t\t\t<div class=\"blog_post_preview isotope_item isotope-item element format-standard-image cardiologia packery_blog_item_4  \">\r\n                        <div class=\"item_wrapper\" >\r\n                            <div class=\"blog_content\"><div class=\"blog_post_media\"><img decoding=\"async\" src=\"https:\/\/www.damic.com.ar\/wp\/wp-content\/uploads\/2025\/11\/DAMIC-2025-11-04-1.png\" alt=\"\" \/><\/div><div class=\"listing_meta_wrap\"><div class=\"listing_meta\"><span class=\"post_date\">04\/11\/2025<\/span><\/div><\/div><h2 class=\"blogpost_title\"><a href=\"https:\/\/www.damic.com.ar\/wp\/tu-corazon-necesita-atencion-todo-el-ano\/\">TU coraz\u00f3n necesita atenci\u00f3n todo el a\u00f1o<\/a><\/h2><div class=\"blog_item_description\">En DAMIC contamos con especialistas en cardiolog\u00eda dedicados a...<\/div><div class=\"clear post_clear\"><\/div><div class=\"gt3_post_footer\"><div class=\"gt3_module_button_list\"><a href=\"https:\/\/www.damic.com.ar\/wp\/tu-corazon-necesita-atencion-todo-el-ano\/\">Ver m\u00e1s<\/a><\/div><div class=\"clear\"><\/div><\/div><\/div>\r\n\t\t\t\t\t\t<\/div>\r\n\t\t\t\t\t<\/div>\r\n\t\t\t\t\t<\/div><ul class=\"pagerblock\"><li><a href='https:\/\/www.damic.com.ar\/wp\/wp-json\/wp\/v2\/pages\/336\/' class='current'>1<\/a><\/li><li><a href='https:\/\/www.damic.com.ar\/wp\/wp-json\/wp\/v2\/pages\/336\/page\/2\/'>2<\/a><\/li><li><a href='https:\/\/www.damic.com.ar\/wp\/wp-json\/wp\/v2\/pages\/336\/page\/3\/'>3<\/a><\/li><li><a href='https:\/\/www.damic.com.ar\/wp\/wp-json\/wp\/v2\/pages\/336\/page\/4\/'>4<\/a><\/li><li class=\"next_page\"><a href=\"https:\/\/www.damic.com.ar\/wp\/wp-json\/wp\/v2\/pages\/336\/page\/2\/\"><i class=\"fa fa-angle-right\"><\/i><\/a><\/li><\/ul>\t<\/div>\r\n\t\t\t\t<\/div>\n\t\t\t\t<\/div>\n\t\t\t\t\t<\/div>\n\t\t<\/div>\n\t\t\t\t\t<\/div>\n\t\t<\/section>\n\t\t\t\t<\/div>\n\t\t","protected":false},"excerpt":{"rendered":"<p>NOVEDADES 23 julio, 2025 Afiliados de MEDIFE: en DAMIC tu salud est\u00e1 cubierta \u00bfSos afiliado de Medife? En Instituto M\u00e9dico DAMIC pod\u00e9s acceder a&#8230;Ver m\u00e1s 21 julio, 2025 An\u00e1lisis y estudios de calidad, sin salir de DAMIC En Instituto M\u00e9dico DAMIC tambi\u00e9n pod\u00e9s realizar tus an\u00e1lisis&#8230;Ver m\u00e1s 16 julio, 2025 Cuid\u00e1 tu coraz\u00f3n con los [&hellip;]<\/p>\n","protected":false},"author":1,"featured_media":0,"parent":0,"menu_order":0,"comment_status":"closed","ping_status":"closed","template":"","meta":{"footnotes":""},"class_list":["post-336","page","type-page","status-publish","hentry"],"_links":{"self":[{"href":"https:\/\/www.damic.com.ar\/wp\/wp-json\/wp\/v2\/pages\/336","targetHints":{"allow":["GET"]}}],"collection":[{"href":"https:\/\/www.damic.com.ar\/wp\/wp-json\/wp\/v2\/pages"}],"about":[{"href":"https:\/\/www.damic.com.ar\/wp\/wp-json\/wp\/v2\/types\/page"}],"author":[{"embeddable":true,"href":"https:\/\/www.damic.com.ar\/wp\/wp-json\/wp\/v2\/users\/1"}],"replies":[{"embeddable":true,"href":"https:\/\/www.damic.com.ar\/wp\/wp-json\/wp\/v2\/comments?post=336"}],"version-history":[{"count":27,"href":"https:\/\/www.damic.com.ar\/wp\/wp-json\/wp\/v2\/pages\/336\/revisions"}],"predecessor-version":[{"id":4293,"href":"https:\/\/www.damic.com.ar\/wp\/wp-json\/wp\/v2\/pages\/336\/revisions\/4293"}],"wp:attachment":[{"href":"https:\/\/www.damic.com.ar\/wp\/wp-json\/wp\/v2\/media?parent=336"}],"curies":[{"name":"wp","href":"https:\/\/api.w.org\/{rel}","templated":true}]}}